{"id":1028,"date":"2026-01-08T14:52:46","date_gmt":"2026-01-08T14:52:46","guid":{"rendered":"https:\/\/www.purelifelaser.com\/aviso-legal\/"},"modified":"2026-02-07T21:32:48","modified_gmt":"2026-02-07T21:32:48","slug":"aviso-legal","status":"publish","type":"page","link":"https:\/\/www.purelifelaser.com\/es\/aviso-legal\/","title":{"rendered":"Aviso legal"},"content":{"rendered":"<p>[et_pb_section fb_built=\u00bb1&#8243; custom_padding_last_edited=\u00bbon|phone\u00bb _builder_version=\u00bb4.27.5&#8243; _module_preset=\u00bbdefault\u00bb custom_margin=\u00bb|||0px|false|false\u00bb custom_padding=\u00bb50px||60px|||\u00bb custom_padding_tablet=\u00bb50px||60px|||\u00bb custom_padding_phone=\u00bb30px||60px||false|false\u00bb global_colors_info=\u00bb{}\u00bb][et_pb_row _builder_version=\u00bb4.27.5&#8243; _module_preset=\u00bbdefault\u00bb global_colors_info=\u00bb{}\u00bb][et_pb_column type=\u00bb4_4&#8243; _builder_version=\u00bb4.27.5&#8243; _module_preset=\u00bbdefault\u00bb global_colors_info=\u00bb{}\u00bb][et_pb_text _builder_version=\u00bb4.27.5&#8243; _module_preset=\u00bbdefault\u00bb text_font=\u00bbInter|||on|||||\u00bb text_text_color=\u00bb#0d47a1&#8243; text_font_size=\u00bb35px\u00bb text_orientation=\u00bbcenter\u00bb custom_margin=\u00bb||40px|||\u00bb text_font_size_tablet=\u00bb28px\u00bb text_font_size_phone=\u00bb24px\u00bb text_font_size_last_edited=\u00bbon|tablet\u00bb global_colors_info=\u00bb{}\u00bb]<\/p>\n<p class=\"p1\"><span class=\"s1\">Aviso legal<\/span><\/p>\n<p>[\/et_pb_text][et_pb_text _builder_version=\u00bb4.27.5&#8243; _module_preset=\u00bbdefault\u00bb text_font=\u00bbMontserrat||||||||\u00bb text_text_color=\u00bb#000000&#8243; text_font_size=\u00bb16px\u00bb text_line_height=\u00bb1.2em\u00bb custom_padding=\u00bb|150px||150px|false|true\u00bb custom_padding_tablet=\u00bb|10%||10%|false|true\u00bb custom_padding_phone=\u00bb|7%||7%|false|true\u00bb custom_padding_last_edited=\u00bbon|tablet\u00bb text_font_size_tablet=\u00bb13px\u00bb text_font_size_phone=\u00bb13px\u00bb text_font_size_last_edited=\u00bbon|tablet\u00bb text_line_height_tablet=\u00bb1.4em\u00bb text_line_height_phone=\u00bb1.4em\u00bb text_line_height_last_edited=\u00bbon|tablet\u00bb global_colors_info=\u00bb{}\u00bb]<\/p>\n<p class=\"p1\"><strong><span class=\"s1\">Propietario del sitio web<\/span><\/strong><\/p>\n<p class=\"p2\"><span class=\"s2\"><\/span><\/p>\n<p class=\"p1\"><span class=\"s2\">Nombre legal: <\/span><span class=\"s1\">Isabelle Allain<\/span><\/p>\n<p class=\"p1\"><span class=\"s2\">Nombre comercial: <\/span><span class=\"s1\">Purelife Laser<\/span><\/p>\n<p class=\"p1\"><span class=\"s2\">NIE: <\/span><span class=\"s1\">Y6856290G<\/span><\/p>\n<p class=\"p1\"><span class=\"s2\">Direcci\u00f3n comercial: <\/span><span class=\"s1\">Adeje \u2013 Tenerife Sur (Espa\u00f1a)<\/span><\/p>\n<p class=\"p1\"><span class=\"s2\">Correo electr\u00f3nico: <span style=\"color: #000000;\"><a href=\"mailto:purelifelaser@gmail.com\" style=\"color: #000000;\">purelifelaser@gmail.com<\/a><\/span><\/span><\/p>\n<p class=\"p1\"><span class=\"s2\">Tel\u00e9fono: <\/span><span class=\"s3\"><span class=\"s1\">+34623056120<\/span><\/span><\/p>\n<p>[\/et_pb_text][\/et_pb_column][\/et_pb_row][et_pb_row custom_padding_last_edited=\u00bbon|tablet\u00bb _builder_version=\u00bb4.27.5&#8243; _module_preset=\u00bbdefault\u00bb custom_padding_tablet=\u00bb||0px||false|false\u00bb custom_padding_phone=\u00bb||0px||false|false\u00bb global_colors_info=\u00bb{}\u00bb][et_pb_column type=\u00bb4_4&#8243; _builder_version=\u00bb4.27.5&#8243; _module_preset=\u00bbdefault\u00bb global_colors_info=\u00bb{}\u00bb][et_pb_text _builder_version=\u00bb4.27.5&#8243; _module_preset=\u00bbdefault\u00bb text_font=\u00bbMontserrat||||||||\u00bb text_text_color=\u00bb#000000&#8243; text_font_size=\u00bb16px\u00bb custom_padding=\u00bb|150px||150px|false|true\u00bb custom_padding_tablet=\u00bb|10%||10%|false|true\u00bb custom_padding_phone=\u00bb|7%||7%|false|true\u00bb custom_padding_last_edited=\u00bbon|tablet\u00bb text_font_size_tablet=\u00bb13px\u00bb text_font_size_phone=\u00bb13px\u00bb text_font_size_last_edited=\u00bbon|tablet\u00bb text_line_height_tablet=\u00bb1.3em\u00bb text_line_height_phone=\u00bb1.3em\u00bb text_line_height_last_edited=\u00bbon|tablet\u00bb global_colors_info=\u00bb{}\u00bb]<\/p>\n<p class=\"p1\"><strong><span class=\"s1\">Prop\u00f3sito del sitio web<\/span><\/strong><\/p>\n<p class=\"p1\"><span class=\"s2\">El prop\u00f3sito de este sitio web es proporcionar informaci\u00f3n sobre servicios de bienestar y tecnolog\u00eda l\u00e1ser para apoyar el cambio de h\u00e1bitos y la gesti\u00f3n emocional.<\/span><\/p>\n<p class=\"p1\"><span class=\"s2\">Los servicios ofrecidos no constituyen servicios m\u00e9dicos y no sustituyen los diagn\u00f3sticos, tratamientos o recomendaciones de los profesionales sanitarios.<\/span><\/p>\n<p class=\"p2\"><span class=\"s2\"><\/span><\/p>\n<p class=\"p2\"><span class=\"s2\"><\/span><\/p>\n<p class=\"p1\"><strong><span class=\"s1\">T\u00e9rminos de uso<\/span><\/strong><span class=\"s2\"><\/span><\/p>\n<p class=\"p1\"><span class=\"s2\">El acceso a este sitio web implica la aceptaci\u00f3n total y completa de este Aviso Legal.<\/span><\/p>\n<p class=\"p1\"><span class=\"s2\">El usuario se compromete a hacer un uso adecuado del sitio web y de su contenido, en cumplimiento de la ley, la moralidad y el orden p\u00fablico.<\/span><\/p>\n<p class=\"p2\"><span class=\"s2\"><\/span><\/p>\n<p class=\"p2\"><span class=\"s2\"><\/span><\/p>\n<p class=\"p1\"><strong><span class=\"s1\">Propiedad Intelectual e Industrial<\/span><\/strong><span class=\"s2\"><\/span><\/p>\n<p class=\"p1\"><span class=\"s2\">Todo el contenido, textos, im\u00e1genes, logotipos, nombres comerciales, elementos gr\u00e1ficos y dise\u00f1os son propiedad del propietario o se utilizan con permiso.<\/span><\/p>\n<p class=\"p1\"><span class=\"s2\">Cualquier reproducci\u00f3n est\u00e1 prohibida sin permiso previo por escrito.<\/span><\/p>\n<p class=\"p2\"><span class=\"s2\"><\/span><\/p>\n<p class=\"p2\"><span class=\"s2\"><\/span><\/p>\n<p class=\"p1\"><strong><span class=\"s1\">Responsabilidad del Registrante<\/span><\/strong><\/p>\n<p class=\"p1\"><span class=\"s2\">El propietario no puede ser responsable del uso incorrecto del sitio web ni de decisiones tomadas basadas en la informaci\u00f3n contenida en \u00e9l.<\/span><\/p>\n<p class=\"p1\"><span class=\"s2\">Los servicios ofrecidos est\u00e1n orientados al bienestar y al apoyo, sin promesa de resultados concretos, que pueden variar seg\u00fan la persona.<\/span><\/p>\n<p class=\"p2\"><span class=\"s2\"><\/span><\/p>\n<p class=\"p1\"><strong><span class=\"s1\"><\/span><\/strong><\/p>\n<p class=\"p1\"><strong><span class=\"s1\">Enlaces externos<\/span><\/strong><span class=\"s2\"><\/span><\/p>\n<p class=\"p1\"><span class=\"s2\">Este sitio puede contener enlaces a sitios de terceros con el prop\u00f3sito de proporcionar recursos o informaci\u00f3n adicional.<\/span><\/p>\n<p class=\"p1\"><span class=\"s2\">El propietario no se hace responsable del contenido ni del funcionamiento de estos sitios ni de su disponibilidad.<\/span><\/p>\n<p class=\"p2\"><span class=\"s2\"><\/span><\/p>\n<p class=\"p2\"><span class=\"s2\"><\/span><\/p>\n<p class=\"p1\"><strong><span class=\"s1\">Derecho y jurisdicci\u00f3n aplicable<\/span><\/strong><span class=\"s2\"><\/span><\/p>\n<p class=\"p1\"><span class=\"s2\">Este Aviso Legal se rige por la legislaci\u00f3n espa\u00f1ola, espec\u00edficamente por las normativas vigentes en la Comunidad Aut\u00f3noma de Canarias.<\/span><\/p>\n<p class=\"p1\"><span class=\"s2\">Para cualquier disputa relacionada con la web, las partes se someter\u00e1n a los tribunales competentes de <\/span><span class=\"s1\">Santa Cruz de Tenerife<\/span><span class=\"s2\">.<\/span><\/p>\n<p>[\/et_pb_text][\/et_pb_column][\/et_pb_row][\/et_pb_section]<\/p>\n","protected":false},"excerpt":{"rendered":"<p>Aviso legalPropietario del sitio web Nombre legal: Isabelle Allain Nombre comercial: Purelife Laser NIE: Y6856290G Direcci\u00f3n comercial: Adeje \u2013 Tenerife Sur (Espa\u00f1a) Correo electr\u00f3nico: purelifelaser@gmail.com Tel\u00e9fono: +34623056120Prop\u00f3sito del sitio web El prop\u00f3sito de este sitio web es proporcionar informaci\u00f3n sobre servicios de bienestar y tecnolog\u00eda l\u00e1ser para apoyar el cambio de h\u00e1bitos y la gesti\u00f3n [&hellip;]<\/p>\n","protected":false},"author":1,"featured_media":0,"parent":0,"menu_order":0,"comment_status":"closed","ping_status":"closed","template":"","meta":{"_et_pb_use_builder":"on","_et_pb_old_content":"","_et_gb_content_width":"","footnotes":""},"class_list":["post-1028","page","type-page","status-publish","hentry"],"_links":{"self":[{"href":"https:\/\/www.purelifelaser.com\/es\/wp-json\/wp\/v2\/pages\/1028","targetHints":{"allow":["GET"]}}],"collection":[{"href":"https:\/\/www.purelifelaser.com\/es\/wp-json\/wp\/v2\/pages"}],"about":[{"href":"https:\/\/www.purelifelaser.com\/es\/wp-json\/wp\/v2\/types\/page"}],"author":[{"embeddable":true,"href":"https:\/\/www.purelifelaser.com\/es\/wp-json\/wp\/v2\/users\/1"}],"replies":[{"embeddable":true,"href":"https:\/\/www.purelifelaser.com\/es\/wp-json\/wp\/v2\/comments?post=1028"}],"version-history":[{"count":3,"href":"https:\/\/www.purelifelaser.com\/es\/wp-json\/wp\/v2\/pages\/1028\/revisions"}],"predecessor-version":[{"id":1242,"href":"https:\/\/www.purelifelaser.com\/es\/wp-json\/wp\/v2\/pages\/1028\/revisions\/1242"}],"wp:attachment":[{"href":"https:\/\/www.purelifelaser.com\/es\/wp-json\/wp\/v2\/media?parent=1028"}],"curies":[{"name":"wp","href":"https:\/\/api.w.org\/{rel}","templated":true}]}}