{"id":1017,"date":"2025-12-31T15:03:32","date_gmt":"2025-12-31T15:03:32","guid":{"rendered":"https:\/\/www.purelifelaser.com\/politica-de-privacidad\/"},"modified":"2026-02-08T15:50:31","modified_gmt":"2026-02-08T15:50:31","slug":"politica-de-privacidad","status":"publish","type":"page","link":"https:\/\/www.purelifelaser.com\/es\/politica-de-privacidad\/","title":{"rendered":"Pol\u00edtica de privacidad"},"content":{"rendered":"<p>[et_pb_section fb_built=\u00bb1&#8243; custom_padding_last_edited=\u00bbon|tablet\u00bb admin_label=\u00bbsection\u00bb _builder_version=\u00bb4.27.5&#8243; custom_padding=\u00bb50px|||||\u00bb custom_padding_tablet=\u00bb50px||60px||false|false\u00bb custom_padding_phone=\u00bb30px||60px||false|false\u00bb global_colors_info=\u00bb{}\u00bb][et_pb_row custom_padding_last_edited=\u00bbon|tablet\u00bb admin_label=\u00bbrow\u00bb _builder_version=\u00bb4.27.5&#8243; background_size=\u00bbinitial\u00bb background_position=\u00bbtop_left\u00bb background_repeat=\u00bbrepeat\u00bb custom_padding_tablet=\u00bb||0px||false|false\u00bb custom_padding_phone=\u00bb||0px||false|false\u00bb global_colors_info=\u00bb{}\u00bb][et_pb_column type=\u00bb4_4&#8243; _builder_version=\u00bb4.16&#8243; custom_padding=\u00bb|||\u00bb global_colors_info=\u00bb{}\u00bb custom_padding__hover=\u00bb|||\u00bb][et_pb_text _builder_version=\u00bb4.27.5&#8243; _module_preset=\u00bbdefault\u00bb text_font=\u00bbInter|||on|||||\u00bb text_text_color=\u00bb#0d47a1&#8243; text_font_size=\u00bb40px\u00bb text_orientation=\u00bbcenter\u00bb custom_margin=\u00bb||40px|||\u00bb hover_enabled=\u00bb0&#8243; text_font_size_tablet=\u00bb28px\u00bb text_font_size_phone=\u00bb24px\u00bb text_font_size_last_edited=\u00bbon|tablet\u00bb global_colors_info=\u00bb{}\u00bb sticky_enabled=\u00bb0&#8243;]<\/p>\n<p class=\"p1\"><span class=\"s1\">POL\u00cdTICA DE PRIVACIDAD<\/span><\/p>\n<p>[\/et_pb_text][et_pb_text _builder_version=\u00bb4.27.5&#8243; _module_preset=\u00bbdefault\u00bb text_font=\u00bbMontserrat||||||||\u00bb text_text_color=\u00bb#000000&#8243; text_font_size=\u00bb16px\u00bb text_line_height=\u00bb1.2em\u00bb custom_padding=\u00bb|150px||150px|false|false\u00bb custom_padding_tablet=\u00bb|10%||10%|false|true\u00bb custom_padding_phone=\u00bb|7%||7%|false|true\u00bb custom_padding_last_edited=\u00bbon|tablet\u00bb text_font_size_tablet=\u00bb13px\u00bb text_font_size_phone=\u00bb13px\u00bb text_font_size_last_edited=\u00bbon|tablet\u00bb text_line_height_tablet=\u00bb1.3em\u00bb text_line_height_phone=\u00bb1.3em\u00bb text_line_height_last_edited=\u00bbon|tablet\u00bb global_colors_info=\u00bb{}\u00bb]<\/p>\n<p class=\"p1\"><span class=\"s1\">En cumplimiento del Reglamento (UE) 2016\/679 (RGPD) y de la Ley Org\u00e1nica 3\/2018 (LOPDGDD), se informa al usuario sobre la gesti\u00f3n y el tratamiento de los datos personales recabados a trav\u00e9s del presente sitio web.<\/span><\/p>\n<p class=\"p2\"><span class=\"s1\"><\/span><\/p>\n<p class=\"p1\"><strong><span class=\"s2\">1. Responsable del Tratamiento<\/span><\/strong><\/p>\n<p class=\"p2\"><span class=\"s1\"><\/span><\/p>\n<p class=\"p1\">Titular: Isabelle Allain<\/p>\n<p class=\"p1\">Nombre comercial: Purelife Laser<\/p>\n<p class=\"p1\"><span class=\"s1\">NIE : <\/span><span class=\"s2\">Y6856290G<\/span><\/p>\n<p class=\"p1\">Domicilio profesional: Adeje \u2013 Tenerife Sur (Espa\u00f1a)<\/p>\n<p class=\"p1\"><span class=\"s1\">Correo electr\u00f3nico de contacto : <span style=\"color: #000000;\"><a href=\"mailto:purelifelaser@gmail.com\" style=\"color: #000000;\">purelifelaser@gmail.com<\/a><\/span><\/span><\/p>\n<p class=\"p2\"><span class=\"s1\"><\/span><\/p>\n<p class=\"p1\"><strong><span class=\"s2\">2. Datos que se Recaban<\/span><\/strong><\/p>\n<p class=\"p2\"><span class=\"s1\"><\/span><\/p>\n<p class=\"p1\"><span class=\"s1\">Los datos personales recogidos pueden incluir:<\/span><\/p>\n<p class=\"p1\"><span class=\"s1\">\u2022 Nombre y apellidos<\/span><\/p>\n<p class=\"p1\"><span class=\"s1\">\u2022 Tel\u00e9fono<\/span><\/p>\n<p class=\"p1\"><span class=\"s1\">\u2022 Correo electr\u00f3nico<\/span><\/p>\n<p class=\"p1\"><span class=\"s1\">\u2022 Informaci\u00f3n necesaria para la comunicaci\u00f3n, reservas o consultas<\/span><\/p>\n<p class=\"p1\"><span class=\"s1\">\u2022 Datos derivados de la navegaci\u00f3n (cookies y anal\u00edtica web)<\/span><\/p>\n<p class=\"p2\"><span class=\"s1\"><\/span><\/p>\n<p class=\"p1\"><span class=\"s1\">En ning\u00fan caso se solicitan ni tratan datos de salud, diagn\u00f3sticos m\u00e9dicos, ni categor\u00edas especiales de datos personales.<\/span><\/p>\n<p class=\"p2\"><span class=\"s1\"><\/span><\/p>\n<p class=\"p1\"><strong><span class=\"s2\">3. Finalidades del Tratamiento<\/span><\/strong><\/p>\n<p class=\"p2\"><span class=\"s1\"><\/span><\/p>\n<p class=\"p1\"><span class=\"s1\">Los datos se tratan con las siguientes finalidades :<\/span><\/p>\n<p class=\"p1\"><span class=\"s1\">a) Gestionar consultas, solicitudes de informaci\u00f3n y reservas de sesiones<\/span><\/p>\n<p class=\"p1\"><span class=\"s1\">b) Gestionar la comunicaci\u00f3n con los usuarios<\/span><\/p>\n<p class=\"p1\"><span class=\"s1\">c) Enviar informaci\u00f3n relacionada con los servicios ofrecidos (previo consentimiento)<\/span><\/p>\n<p class=\"p1\"><span class=\"s1\">d) An\u00e1lisis estad\u00edstico y mejora del sitio web (cookies anal\u00edticas)<\/span><\/p>\n<p class=\"p2\"><span class=\"s1\"><\/span><\/p>\n<p class=\"p1\"><strong><span class=\"s2\">4. Legitimaci\u00f3n del Tratamiento<\/span><\/strong><\/p>\n<p class=\"p2\"><span class=\"s1\"><\/span><\/p>\n<p class=\"p1\"><span class=\"s1\">Las bases legales son:<\/span><\/p>\n<p class=\"p1\"><span class=\"s1\">\u2022 Consentimiento del usuario<\/span><\/p>\n<p class=\"p1\"><span class=\"s1\">\u2022 Ejecuci\u00f3n de una relaci\u00f3n contractual o precontractual (reservas y citas)<\/span><\/p>\n<p class=\"p1\"><span class=\"s1\">\u2022 Inter\u00e9s leg\u00edtimo en fines estad\u00edsticos y mejora del sitio web<\/span><\/p>\n<p class=\"p2\"><span class=\"s1\"><\/span><\/p>\n<p class=\"p1\"><strong><span class=\"s2\">5. Conservaci\u00f3n de los Datos<\/span><\/strong><\/p>\n<p class=\"p2\"><span class=\"s1\"><\/span><\/p>\n<p class=\"p1\"><span class=\"s1\">Los datos se conservar\u00e1n:<\/span><\/p>\n<p class=\"p1\"><span class=\"s1\">\u2022 Mientras exista relaci\u00f3n comercial o comunicaci\u00f3n con el usuario<\/span><\/p>\n<p class=\"p1\"><span class=\"s1\">\u2022 O hasta que el usuario solicite su supresi\u00f3n<\/span><\/p>\n<p class=\"p2\"><span class=\"s1\"><\/span><\/p>\n<p class=\"p1\"><span class=\"s1\">Los datos derivados de cookies se conservar\u00e1n seg\u00fan la duraci\u00f3n indicada en la Pol\u00edtica de Cookies.<\/span><\/p>\n<p class=\"p2\"><span class=\"s1\"><\/span><\/p>\n<p class=\"p1\"><strong><span class=\"s2\">6. Destinatarios de los Datos<\/span><\/strong><\/p>\n<p class=\"p2\"><span class=\"s1\"><\/span><\/p>\n<p class=\"p1\"><span class=\"s1\">Los datos no se ceder\u00e1n a terceros, salvo obligaci\u00f3n legal o para prestaci\u00f3n de servicios auxiliares (p. ej. alojamiento web o herramientas de anal\u00edtica).<\/span><\/p>\n<p class=\"p1\"><span class=\"s1\">En ning\u00fan caso se venden ni se intercambian datos personales.Aucune donn\u00e9e n\u2019est vendue ou \u00e9chang\u00e9e.<\/span><\/p>\n<p class=\"p2\"><span class=\"s1\"><\/span><\/p>\n<p class=\"p1\"><strong><span class=\"s2\">7. Transferencias Internacionales<\/span><\/strong><\/p>\n<p class=\"p2\"><span class=\"s1\"><\/span><\/p>\n<p class=\"p1\"><span class=\"s1\">En caso de uso de herramientas de terceros (p. ej. Google Analytics), podr\u00e1n producirse transferencias internacionales, garantizadas conforme a la normativa europea y a las Cl\u00e1usulas Contractuales Tipo.<\/span><\/p>\n<p class=\"p2\"><span class=\"s1\"><\/span><\/p>\n<p class=\"p1\"><strong><span class=\"s2\">8. Derechos del Usuario<\/span><\/strong><\/p>\n<p class=\"p2\"><span class=\"s1\"><\/span><\/p>\n<p class=\"p1\"><span class=\"s1\">El usuario puede ejercer sus derechos:<\/span><\/p>\n<p class=\"p1\"><span class=\"s1\">\u2022 Acceso<\/span><\/p>\n<p class=\"p1\"><span class=\"s1\">\u2022 Rectificaci\u00f3n<\/span><\/p>\n<p class=\"p1\"><span class=\"s1\">\u2022 Supresi\u00f3n<\/span><\/p>\n<p class=\"p1\"><span class=\"s1\">\u2022 Opposition<\/span><\/p>\n<p class=\"p1\"><span class=\"s1\">\u2022 Limitaci\u00f3n del tratamiento<\/span><\/p>\n<p class=\"p1\"><span class=\"s1\">\u2022 Portabilidad<\/span><\/p>\n<p class=\"p1\"><span class=\"s1\">\u2022 Revocaci\u00f3n del consentimiento<\/span><\/p>\n<p class=\"p2\"><span class=\"s1\"><\/span><\/p>\n<p class=\"p1\">Para ejercerlos debe enviar una solicitud al correo: purelifelaser@gmail.com<br \/>Incluyendo nombre, apellidos y una copia del NIE o documento acreditativo<\/p>\n<p class=\"p2\"><span class=\"s1\"><\/span><\/p>\n<p class=\"p1\"><strong><span class=\"s2\">9. Seguridad de los Datos<\/span><\/strong><\/p>\n<p class=\"p2\"><span class=\"s1\"><\/span><\/p>\n<p class=\"p1\"><span class=\"s1\">El responsable aplica medidas t\u00e9cnicas y organizativas para garantizar la confidencialidad, integridad y disponibilidad de los datos personales.<\/span><\/p>\n<p class=\"p2\"><span class=\"s1\"><\/span><\/p>\n<p class=\"p1\"><strong><span class=\"s2\">10. Menores de Edad<\/span><\/strong><\/p>\n<p class=\"p2\"><span class=\"s1\"><\/span><\/p>\n<p class=\"p1\"><span class=\"s1\">No se tratan datos de menores de 18 a\u00f1os sin consentimiento de los padres o tutores legales.<\/span><\/p>\n<p class=\"p2\"><span class=\"s1\"><\/span><\/p>\n<p class=\"p1\"><strong><span class=\"s2\">11. Modificaci\u00f3n de la Pol\u00edtica<\/span><\/strong><\/p>\n<p class=\"p2\"><span class=\"s1\"><\/span><\/p>\n<p class=\"p1\"><span class=\"s1\">El titular se reserva el derecho a modificar la presente Pol\u00edtica de Privacidad en cualquier momento.<\/span><\/p>\n<p>[\/et_pb_text][et_pb_text _builder_version=\u00bb4.27.5&#8243; _module_preset=\u00bbdefault\u00bb text_font=\u00bbInter|||on|||||\u00bb text_text_color=\u00bb#000000&#8243; text_font_size=\u00bb22px\u00bb text_orientation=\u00bbcenter\u00bb custom_margin=\u00bb80px||||false|false\u00bb text_font_size_tablet=\u00bb18px\u00bb text_font_size_phone=\u00bb18px\u00bb text_font_size_last_edited=\u00bbon|tablet\u00bb global_colors_info=\u00bb{}\u00bb]<\/p>\n<p class=\"p1\"><span class=\"s1\">POL\u00cdTICA DE COOKIES<\/span><\/p>\n<p>[\/et_pb_text][et_pb_text _builder_version=\u00bb4.27.5&#8243; _module_preset=\u00bbdefault\u00bb text_font=\u00bbMontserrat||||||||\u00bb text_text_color=\u00bb#000000&#8243; text_font_size=\u00bb16px\u00bb text_line_height=\u00bb1.2em\u00bb custom_margin=\u00bb||||false|false\u00bb custom_padding=\u00bb|150px||150px|false|true\u00bb custom_padding_tablet=\u00bb|10%||10%|false|true\u00bb custom_padding_phone=\u00bb|7%||7%|false|true\u00bb custom_padding_last_edited=\u00bbon|tablet\u00bb text_font_size_tablet=\u00bb13px\u00bb text_font_size_phone=\u00bb13px\u00bb text_font_size_last_edited=\u00bbon|tablet\u00bb text_line_height_tablet=\u00bb1.3em\u00bb text_line_height_phone=\u00bb1.3em\u00bb text_line_height_last_edited=\u00bbon|tablet\u00bb global_colors_info=\u00bb{}\u00bb]<\/p>\n<p class=\"p1\"><span style=\"font-size: medium;\">La presente Pol\u00edtica de Cookies tiene por finalidad informar al usuario sobre el uso de cookies y tecnolog\u00edas similares en este sitio web, en cumplimiento del RGPD, la LOPDGDD y la normativa espa\u00f1ola en materia de servicios digitales.<\/span><\/p>\n<p class=\"p2\"><span class=\"s2\"><\/span><\/p>\n<p class=\"p2\"><span class=\"s2\"><\/span><\/p>\n<p class=\"p1\"><strong><span class=\"s1\">1. \u00bfQu\u00e9 son las Cookies?<\/span><\/strong><\/p>\n<p class=\"p1\"><span class=\"s2\">Las cookies son peque\u00f1os archivos que se almacenan en el dispositivo del usuario con el objetivo de facilitar la navegaci\u00f3n, permitir funciones t\u00e9cnicas, recordar preferencias o realizar an\u00e1lisis estad\u00edsticos.<\/span><span class=\"s2\"><\/span><\/p>\n<p class=\"p1\"><span class=\"s2\"><\/span><\/p>\n<p class=\"p1\"><span class=\"s2\"><\/span><\/p>\n<p class=\"p1\"><strong><span class=\"s1\">2. Tipos de Cookies Utilizadas en este Sitio<\/span><\/strong><\/p>\n<p class=\"p1\"><span class=\"s2\">Este sitio utiliza los siguientes tipos de cookies:<\/span><\/p>\n<p class=\"p2\"><span class=\"s2\"><\/span><\/p>\n<p class=\"p1\">a) Cookies T\u00e9cnicas (Necesarias)<\/p>\n<p class=\"p1\"><span class=\"s2\">Permiten la navegaci\u00f3n y el uso correcto del sitio web.<\/span><\/p>\n<p class=\"p1\"><span class=\"s2\">No requieren consentimiento.<\/span><\/p>\n<p class=\"p2\"><span class=\"s2\"><\/span><\/p>\n<p class=\"p1\">b) Cookies Anal\u00edticas<\/p>\n<p class=\"p1\"><span class=\"s2\">Permiten el an\u00e1lisis estad\u00edstico del uso del sitio web con fines de mejora.<\/span><\/p>\n<p class=\"p1\"><span class=\"s2\">(Ej : Google Analytics)<\/span><\/p>\n<p class=\"p2\"><span class=\"s2\"><\/span><\/p>\n<p class=\"p1\"><span class=\"s2\">c) <\/span><span class=\"s1\">Cookies de Preferencias (Opcionales)<\/span><\/p>\n<p class=\"p1\"><span class=\"s2\">Permiten recordar configuraciones como idioma u otras preferencias.<\/span><\/p>\n<p class=\"p2\"><span class=\"s2\"><\/span><\/p>\n<p class=\"p1\"><span class=\"s2\">No se utilizan cookies publicitarias ni de perfiles en este sitio web.<\/span><\/p>\n<p class=\"p1\"><strong><span class=\"s1\"><\/span><\/strong><\/p>\n<p class=\"p1\"><strong><span class=\"s1\"><\/span><\/strong><\/p>\n<p class=\"p1\"><strong><span class=\"s1\">3. Cookies de Terceros<\/span><\/strong><span class=\"s2\"><\/span><\/p>\n<p class=\"p1\">Uso de cookies proporcionadas por Google Analytics.<\/p>\n<p class=\"p1\"><span class=\"s2\">Transferencias internacionales protegidas por los mecanismos legales europeos.<\/span><\/p>\n<p class=\"p2\"><span class=\"s2\"><\/span><\/p>\n<p class=\"p1\"><strong><span class=\"s1\"><\/span><\/strong><\/p>\n<p class=\"p1\"><strong><span class=\"s1\">4. Consentimiento<\/span><\/strong><\/p>\n<p class=\"p1\"><span class=\"s2\">En la primera visita, el usuario puede:<\/span><\/p>\n<p class=\"p1\"><span class=\"s2\">\u2714 Aceptar todas las cookies<\/span><\/p>\n<p class=\"p1\"><span class=\"s2\">\u2714 Rechazarlas<\/span><\/p>\n<p class=\"p1\"><span class=\"s2\">\u2714 Configurarlas<\/span><span class=\"s2\"><\/span><\/p>\n<p class=\"p1\"><span class=\"s2\">El consentimiento puede revocarse en cualquier momento.<\/span><\/p>\n<p class=\"p1\"><span class=\"s2\"><\/span><\/p>\n<p class=\"p1\"><span class=\"s2\"><\/span><\/p>\n<p class=\"p1\"><strong><span class=\"s1\">5. Duraci\u00f3n de las Cookies<\/span><\/strong><\/p>\n<p class=\"p1\"><span class=\"s2\">Las cookies pueden ser:<\/span><\/p>\n<p class=\"p1\"><span class=\"s2\">\u2022 De sesi\u00f3n: se eliminan al cerrar el navegador.<\/span><\/p>\n<p class=\"p1\"><span class=\"s2\">\u2022 Persistentes: permanecen durante un periodo determinado.<\/span><\/p>\n<p class=\"p2\"><span class=\"s2\"><\/span><\/p>\n<p class=\"p2\"><span class=\"s2\"><\/span><\/p>\n<p class=\"p1\"><strong><span class=\"s1\">6. Gesti\u00f3n<\/span><\/strong><\/p>\n<p class=\"p1\"><span class=\"s2\">El usuario puede configurar o eliminar cookies desde su navegador.<\/span><\/p>\n<p class=\"p2\"><span class=\"s2\"><\/span><\/p>\n<p class=\"p2\"><span class=\"s2\"><\/span><\/p>\n<p class=\"p1\"><strong><span class=\"s1\">7. Actualizaciones de la Pol\u00edtica<\/span><\/strong><\/p>\n<p class=\"p1\"><span class=\"s2\">La Pol\u00edtica podr\u00e1 ser modificada en caso de evoluci\u00f3n t\u00e9cnica o legal<\/span><\/p>\n<p>[\/et_pb_text][\/et_pb_column][\/et_pb_row][\/et_pb_section]<\/p>\n","protected":false},"excerpt":{"rendered":"<p>POL\u00cdTICA DE PRIVACIDADEn cumplimiento del Reglamento (UE) 2016\/679 (RGPD) y de la Ley Org\u00e1nica 3\/2018 (LOPDGDD), se informa al usuario sobre la gesti\u00f3n y el tratamiento de los datos personales recabados a trav\u00e9s del presente sitio web. 1. Responsable del Tratamiento Titular: Isabelle Allain Nombre comercial: Purelife Laser NIE : Y6856290G Domicilio profesional: Adeje \u2013 [&hellip;]<\/p>\n","protected":false},"author":1,"featured_media":0,"parent":0,"menu_order":0,"comment_status":"closed","ping_status":"closed","template":"","meta":{"_et_pb_use_builder":"on","_et_pb_old_content":"","_et_gb_content_width":"","footnotes":""},"class_list":["post-1017","page","type-page","status-publish","hentry"],"_links":{"self":[{"href":"https:\/\/www.purelifelaser.com\/es\/wp-json\/wp\/v2\/pages\/1017","targetHints":{"allow":["GET"]}}],"collection":[{"href":"https:\/\/www.purelifelaser.com\/es\/wp-json\/wp\/v2\/pages"}],"about":[{"href":"https:\/\/www.purelifelaser.com\/es\/wp-json\/wp\/v2\/types\/page"}],"author":[{"embeddable":true,"href":"https:\/\/www.purelifelaser.com\/es\/wp-json\/wp\/v2\/users\/1"}],"replies":[{"embeddable":true,"href":"https:\/\/www.purelifelaser.com\/es\/wp-json\/wp\/v2\/comments?post=1017"}],"version-history":[{"count":3,"href":"https:\/\/www.purelifelaser.com\/es\/wp-json\/wp\/v2\/pages\/1017\/revisions"}],"predecessor-version":[{"id":1329,"href":"https:\/\/www.purelifelaser.com\/es\/wp-json\/wp\/v2\/pages\/1017\/revisions\/1329"}],"wp:attachment":[{"href":"https:\/\/www.purelifelaser.com\/es\/wp-json\/wp\/v2\/media?parent=1017"}],"curies":[{"name":"wp","href":"https:\/\/api.w.org\/{rel}","templated":true}]}}